{"id":220,"date":"2016-09-12T21:31:26","date_gmt":"2016-09-12T19:31:26","guid":{"rendered":"http:\/\/hausbau.daeumlich.de\/?page_id=220"},"modified":"2016-09-12T21:38:24","modified_gmt":"2016-09-12T19:38:24","slug":"chronik","status":"publish","type":"page","link":"https:\/\/villa-moselstrasse.de\/index.php\/chronik\/","title":{"rendered":"Chronik"},"content":{"rendered":"<p>Auf dieser Seite findet Ihr eine kurze Chronik \u00fcber alle wichtigen Ereignisse von der Grundst\u00fccksuche bis zum Einzug.<\/p>\n\n<table id=\"tablepress-1\" class=\"tablepress tablepress-id-1\">\n<thead>\n<tr class=\"row-1\">\n\t<th class=\"column-1\">Datum<\/th><th class=\"column-2\">Ereignis<\/th>\n<\/tr>\n<\/thead>\n<tbody class=\"row-striping row-hover\">\n<tr class=\"row-2\">\n\t<td class=\"column-1\">04.04.2018<\/td><td class=\"column-2\">Farbelemente an Fassade<\/td>\n<\/tr>\n<tr class=\"row-3\">\n\t<td class=\"column-1\">23.03.2018<\/td><td class=\"column-2\">Ber\u00e4umung der Baustelle<\/td>\n<\/tr>\n<tr class=\"row-4\">\n\t<td class=\"column-1\">09.03.2018<\/td><td class=\"column-2\">Internetanschluss Telekom<\/td>\n<\/tr>\n<tr class=\"row-5\">\n\t<td class=\"column-1\">16.02.2018<\/td><td class=\"column-2\">Balkonbr\u00fcstung<\/td>\n<\/tr>\n<tr class=\"row-6\">\n\t<td class=\"column-1\">14.02.2018<\/td><td class=\"column-2\">R\u00fcstung abgebaut<\/td>\n<\/tr>\n<tr class=\"row-7\">\n\t<td class=\"column-1\">09.02.2018<\/td><td class=\"column-2\">Treppenstufen und Handlauf<\/td>\n<\/tr>\n<tr class=\"row-8\">\n\t<td class=\"column-1\">02.02.2018<\/td><td class=\"column-2\">Installation SAT-Sch\u00fcssel<\/td>\n<\/tr>\n<tr class=\"row-9\">\n\t<td class=\"column-1\">01.02.2018<\/td><td class=\"column-2\">Innent\u00fcren<\/td>\n<\/tr>\n<tr class=\"row-10\">\n\t<td class=\"column-1\">28.01.2018<\/td><td class=\"column-2\">Umzug<\/td>\n<\/tr>\n<tr class=\"row-11\">\n\t<td class=\"column-1\">27.01.2018<\/td><td class=\"column-2\">Oberputz Fassade<\/td>\n<\/tr>\n<tr class=\"row-12\">\n\t<td class=\"column-1\">26.01.2018<\/td><td class=\"column-2\">Haus\u00fcbergabe<\/td>\n<\/tr>\n<tr class=\"row-13\">\n\t<td class=\"column-1\">23.01.2018<\/td><td class=\"column-2\">Endinstallation Sanit\u00e4r (Abschluss: 31.02.2018)<\/td>\n<\/tr>\n<tr class=\"row-14\">\n\t<td class=\"column-1\">23.01.2018<\/td><td class=\"column-2\">Maler Restarbeiten (Abschluss: 25.01.2017)<\/td>\n<\/tr>\n<tr class=\"row-15\">\n\t<td class=\"column-1\">22.01.2018<\/td><td class=\"column-2\">Parkett (Abschluss: 24.01.2018)<\/td>\n<\/tr>\n<tr class=\"row-16\">\n\t<td class=\"column-1\">17.01.2018<\/td><td class=\"column-2\">Endinstallation Elektro (Abschluss: 25.01.2018)<\/td>\n<\/tr>\n<tr class=\"row-17\">\n\t<td class=\"column-1\">15.01.2018<\/td><td class=\"column-2\">Fliesen (Abschluss: 24.01.2017)<\/td>\n<\/tr>\n<tr class=\"row-18\">\n\t<td class=\"column-1\">09.01.2018<\/td><td class=\"column-2\">Aufstellung W\u00e4rmepumpe und KWL(Inbetriebnahme: 26.01.2018)<\/td>\n<\/tr>\n<tr class=\"row-19\">\n\t<td class=\"column-1\">02.01.2018<\/td><td class=\"column-2\">Fliesen Hauswirtschaftsraum in Eigenleistung (Abschluss: 06.01.2018)<\/td>\n<\/tr>\n<tr class=\"row-20\">\n\t<td class=\"column-1\">19.12.2017<\/td><td class=\"column-2\">Kernbohrungen und Fundament f\u00fcr Heizung und KWL (Abschluss: 20.12.2017)<\/td>\n<\/tr>\n<tr class=\"row-21\">\n\t<td class=\"column-1\">14.12.2017<\/td><td class=\"column-2\">Maler: erster Anstrich (wo m\u00f6glich auch zweiter Anstrich) EG und OG (Abschluss: 19.12.2017)<\/td>\n<\/tr>\n<tr class=\"row-22\">\n\t<td class=\"column-1\">11.12.2017<\/td><td class=\"column-2\">Maler: Q3 schleifen EG und OG (Abschluss: 13.12.2017)<\/td>\n<\/tr>\n<tr class=\"row-23\">\n\t<td class=\"column-1\">04.12.2017<\/td><td class=\"column-2\">Funktionsheizen Estrich (Abschluss: 12.12.2017)<\/td>\n<\/tr>\n<tr class=\"row-24\">\n\t<td class=\"column-1\">29.11.2017<\/td><td class=\"column-2\">Estrich Keller<\/td>\n<\/tr>\n<tr class=\"row-25\">\n\t<td class=\"column-1\">28.11.2017<\/td><td class=\"column-2\">Maler: Spachtelarbeiten EG und OG (Abschluss 01.12.2017)<\/td>\n<\/tr>\n<tr class=\"row-26\">\n\t<td class=\"column-1\">23.11.2017<\/td><td class=\"column-2\">Attikaabdeckung und Blech<\/td>\n<\/tr>\n<tr class=\"row-27\">\n\t<td class=\"column-1\">21.11.2017<\/td><td class=\"column-2\">Estrich EG und OG<\/td>\n<\/tr>\n<tr class=\"row-28\">\n\t<td class=\"column-1\">17.11.2017<\/td><td class=\"column-2\">Balkongel\u00e4nder<\/td>\n<\/tr>\n<tr class=\"row-29\">\n\t<td class=\"column-1\">17.11.2017<\/td><td class=\"column-2\">Hauseinf\u00fchrung Telekom<\/td>\n<\/tr>\n<tr class=\"row-30\">\n\t<td class=\"column-1\">16.11.2017<\/td><td class=\"column-2\">Hauseinf\u00fchrung Trinkwasser, Abwasser und Strom<\/td>\n<\/tr>\n<tr class=\"row-31\">\n\t<td class=\"column-1\">14.11.2017<\/td><td class=\"column-2\">Kernbohrungen f\u00fcr Medien<\/td>\n<\/tr>\n<tr class=\"row-32\">\n\t<td class=\"column-1\">03.11.2017<\/td><td class=\"column-2\">Au\u00dfenfassade Unterputz (Abschluss: ?)<\/td>\n<\/tr>\n<tr class=\"row-33\">\n\t<td class=\"column-1\">26.10.2017<\/td><td class=\"column-2\">Fu\u00dfbodenheizung (Abschluss: EG und OG 17.11.2017, Keller 28.11.2017)<\/td>\n<\/tr>\n<tr class=\"row-34\">\n\t<td class=\"column-1\">23.10.2017<\/td><td class=\"column-2\">Au\u00dfenfassade D\u00e4mmung (Abschluss: 01.11.2017)<\/td>\n<\/tr>\n<tr class=\"row-35\">\n\t<td class=\"column-1\">12.10.2017<\/td><td class=\"column-2\">Rohinstallation Sanit\u00e4r (Abschluss: 07.11.2017)<\/td>\n<\/tr>\n<tr class=\"row-36\">\n\t<td class=\"column-1\">20.09.2017<\/td><td class=\"column-2\">Trockenbau Profile (Abschluss: 07.11.2017)<\/td>\n<\/tr>\n<tr class=\"row-37\">\n\t<td class=\"column-1\">14.09.2017<\/td><td class=\"column-2\">Dach Gef\u00e4lled\u00e4mmung und Attikaabdeckung (Abschluss: 29.09.2017)<\/td>\n<\/tr>\n<tr class=\"row-38\">\n\t<td class=\"column-1\">06.09.2017<\/td><td class=\"column-2\">Innenputz (Abschluss: 12.09.2017)<\/td>\n<\/tr>\n<tr class=\"row-39\">\n\t<td class=\"column-1\">30.08.2017<\/td><td class=\"column-2\">Elektroinstallation (Abschluss: 08.09.2017)<\/td>\n<\/tr>\n<tr class=\"row-40\">\n\t<td class=\"column-1\">22.08.2017<\/td><td class=\"column-2\">Abdichtung Dach und Bodenplatte (Abschluss: 23.08.2017)<\/td>\n<\/tr>\n<tr class=\"row-41\">\n\t<td class=\"column-1\">10.08.2017<\/td><td class=\"column-2\">Installation Fenster (Abschluss: 15.08.2017)<\/td>\n<\/tr>\n<tr class=\"row-42\">\n\t<td class=\"column-1\">07.08.2017<\/td><td class=\"column-2\">Attika inkl. Balkonst\u00fctzen betoniert<\/td>\n<\/tr>\n<tr class=\"row-43\">\n\t<td class=\"column-1\">02.08.2017<\/td><td class=\"column-2\">Mauern Attika und Installation Bewehrung inkl. Balkonst\u00fctzen (Abschluss: 07.08.2017)<\/td>\n<\/tr>\n<tr class=\"row-44\">\n\t<td class=\"column-1\">01.08.2017<\/td><td class=\"column-2\">Obergeschossdecke betoniert<\/td>\n<\/tr>\n<tr class=\"row-45\">\n\t<td class=\"column-1\">28.07.2017<\/td><td class=\"column-2\">Installation Stahlwange der Treppe (Abschluss: 10.08.2017)<\/td>\n<\/tr>\n<tr class=\"row-46\">\n\t<td class=\"column-1\">26.07.2017<\/td><td class=\"column-2\">Lieferung Fenster<\/td>\n<\/tr>\n<tr class=\"row-47\">\n\t<td class=\"column-1\">20.07.2017<\/td><td class=\"column-2\">Obergeschossdecke Bewehrung und Schalung (Abschluss 01.08.2017)<\/td>\n<\/tr>\n<tr class=\"row-48\">\n\t<td class=\"column-1\">19.07.2017<\/td><td class=\"column-2\">Obergeschossfiligrandecke geliefert<\/td>\n<\/tr>\n<tr class=\"row-49\">\n\t<td class=\"column-1\">04.07.2017<\/td><td class=\"column-2\">Mauern W\u00e4nde Obergeschoss (Abschluss: 18.07.2017)<\/td>\n<\/tr>\n<tr class=\"row-50\">\n\t<td class=\"column-1\">21.06.2017<\/td><td class=\"column-2\">Erdgeschossdecke betoniert<\/td>\n<\/tr>\n<tr class=\"row-51\">\n\t<td class=\"column-1\">20.06.2017<\/td><td class=\"column-2\">Erdgeschossdecke Bewehrung und Schalung (Abschluss 21.06.2017)<\/td>\n<\/tr>\n<tr class=\"row-52\">\n\t<td class=\"column-1\">14.06.2017<\/td><td class=\"column-2\">Erdgeschossfiligrandecke geliefert<\/td>\n<\/tr>\n<tr class=\"row-53\">\n\t<td class=\"column-1\">30.05.2017<\/td><td class=\"column-2\">Mauern W\u00e4nde Erdgeschoss (Abschluss: 13.06.2017)<\/td>\n<\/tr>\n<tr class=\"row-54\">\n\t<td class=\"column-1\">30.05.2017<\/td><td class=\"column-2\">Verf\u00fcllung Baugrube (Abschluss: ca. 01.06.2017)<\/td>\n<\/tr>\n<tr class=\"row-55\">\n\t<td class=\"column-1\">29.05.2017<\/td><td class=\"column-2\">Installation Lichtsch\u00e4chte<\/td>\n<\/tr>\n<tr class=\"row-56\">\n\t<td class=\"column-1\">16.05.2017<\/td><td class=\"column-2\">D\u00e4mmung Kellerau\u00dfenw\u00e4nde (Abschluss: ca. 24.05.2017)<\/td>\n<\/tr>\n<tr class=\"row-57\">\n\t<td class=\"column-1\">15.05.2017<\/td><td class=\"column-2\">Kellerau\u00dfenw\u00e4nde und Kellerdecke betoniert<\/td>\n<\/tr>\n<tr class=\"row-58\">\n\t<td class=\"column-1\">08.05.2017<\/td><td class=\"column-2\">Kellerau\u00dfenw\u00e4nde und Kellerdecke aufgestellt zzgl. Schalung (Abschluss: 12.05.2017)<\/td>\n<\/tr>\n<tr class=\"row-59\">\n\t<td class=\"column-1\">02.05.2017<\/td><td class=\"column-2\">Kellerinnenw\u00e4nde gemauert (Abschluss: 03.05.2017)<\/td>\n<\/tr>\n<tr class=\"row-60\">\n\t<td class=\"column-1\">25.04.2017<\/td><td class=\"column-2\">Bodenplatte gegossen<\/td>\n<\/tr>\n<tr class=\"row-61\">\n\t<td class=\"column-1\">19.04.2017<\/td><td class=\"column-2\">Schalung und Bewehrung f\u00fcr Bodenplatte (Abschluss: 21.04.2017)<\/td>\n<\/tr>\n<tr class=\"row-62\">\n\t<td class=\"column-1\">04.04.2017<\/td><td class=\"column-2\">Feinabsteckung durchgef\u00fchrt<\/td>\n<\/tr>\n<tr class=\"row-63\">\n\t<td class=\"column-1\">03.04.2017<\/td><td class=\"column-2\">Sauberkeitsschicht betoniert<\/td>\n<\/tr>\n<tr class=\"row-64\">\n\t<td class=\"column-1\">27.03.2017<\/td><td class=\"column-2\">Baugrube wird ausgehoben<\/td>\n<\/tr>\n<tr class=\"row-65\">\n\t<td class=\"column-1\">14.03.2017<\/td><td class=\"column-2\">Bauwasseranschluss wurde installiert<\/td>\n<\/tr>\n<tr class=\"row-66\">\n\t<td class=\"column-1\">06.03.2017<\/td><td class=\"column-2\">Grobabsteckung durchgef\u00fchrt<\/td>\n<\/tr>\n<tr class=\"row-67\">\n\t<td class=\"column-1\">27.02.2017<\/td><td class=\"column-2\">Baustromanschluss wurde installiert<\/td>\n<\/tr>\n<tr class=\"row-68\">\n\t<td class=\"column-1\">12.01.2017<\/td><td class=\"column-2\">Baugenehmigung erhalten<\/td>\n<\/tr>\n<tr class=\"row-69\">\n\t<td class=\"column-1\">20.12.2016<\/td><td class=\"column-2\">Unterschrift Bauantrag die Vierte - fehlende Unterlagen f\u00fcr die Aufsch\u00fcttung nachgereicht<\/td>\n<\/tr>\n<tr class=\"row-70\">\n\t<td class=\"column-1\">13.12.2016<\/td><td class=\"column-2\">Schreiben vom Bauamt: Unterlagen f\u00fcr die Aufsch\u00fcttung sind unvollst\u00e4ndig\/unplausibel<\/td>\n<\/tr>\n<tr class=\"row-71\">\n\t<td class=\"column-1\">08.12.2016<\/td><td class=\"column-2\">Unterschrift Bauantrag die Dritte - Gel\u00e4ndeaufsch\u00fcttung nachgereicht<\/td>\n<\/tr>\n<tr class=\"row-72\">\n\t<td class=\"column-1\">16.11.2016<\/td><td class=\"column-2\">Schreiben vom Bauamt: Umwandlung Bauantrag vom \"vereinfachten Verfahren\" in einen normalen Bauantrag<\/td>\n<\/tr>\n<tr class=\"row-73\">\n\t<td class=\"column-1\">09.11.2016<\/td><td class=\"column-2\">Unterschrift Bauantrag die Zweite - fehlende Unterlagen nachreicht<\/td>\n<\/tr>\n<tr class=\"row-74\">\n\t<td class=\"column-1\">31.09.2016<\/td><td class=\"column-2\">Schreiben vom Bauamt: Unterlagen vom Bauantrag sind unvollst\u00e4ndig<\/td>\n<\/tr>\n<tr class=\"row-75\">\n\t<td class=\"column-1\">24.09.2016<\/td><td class=\"column-2\">Unterschrift Bauantrag<\/td>\n<\/tr>\n<tr class=\"row-76\">\n\t<td class=\"column-1\">29.08.2016<\/td><td class=\"column-2\">Bestellung der Grundschuld beim Notar f\u00fcr den Hauskredit.<\/td>\n<\/tr>\n<tr class=\"row-77\">\n\t<td class=\"column-1\">08.08.2016<\/td><td class=\"column-2\">Bewilligung Hausbaukredit.<\/td>\n<\/tr>\n<tr class=\"row-78\">\n\t<td class=\"column-1\">08.07.2016<\/td><td class=\"column-2\">Fertigstellung Erschlie\u00dfung.<\/td>\n<\/tr>\n<tr class=\"row-79\">\n\t<td class=\"column-1\">16.06.2016<\/td><td class=\"column-2\">Wir erfahren die exakte Adresse unseres Grundst\u00fccks: Moselstra\u00dfe 8<\/td>\n<\/tr>\n<tr class=\"row-80\">\n\t<td class=\"column-1\">15.06.2016<\/td><td class=\"column-2\">Beauftragung Vermessung.<\/td>\n<\/tr>\n<tr class=\"row-81\">\n\t<td class=\"column-1\">09.06.2016<\/td><td class=\"column-2\">Unterschrift Hausbauvertrag.<\/td>\n<\/tr>\n<tr class=\"row-82\">\n\t<td class=\"column-1\">30.04.2016<\/td><td class=\"column-2\">Dritter Termin in Teltow bei unserer sp\u00e4teren Baufirma und Konkretisierung des Angebotes.<\/td>\n<\/tr>\n<tr class=\"row-83\">\n\t<td class=\"column-1\">12.04.2016<\/td><td class=\"column-2\">Zweiter Termin mit unserer sp\u00e4teren Baufirma und Erhalt eines konkreten Angebotes.<\/td>\n<\/tr>\n<tr class=\"row-84\">\n\t<td class=\"column-1\">17.03.2016<\/td><td class=\"column-2\">Erster Termin mit unserer sp\u00e4teren Baufirma Meister Bau Teltow GmbH.<\/td>\n<\/tr>\n<tr class=\"row-85\">\n\t<td class=\"column-1\">15.02.2016<\/td><td class=\"column-2\">Anschreiben an 8 weitere Baufirmen.<\/td>\n<\/tr>\n<tr class=\"row-86\">\n\t<td class=\"column-1\">24.01.2016<\/td><td class=\"column-2\">Besuch der Hausbaumesse im Postbahnhof und Einholung erster Angebote. Die Entscheidung f\u00fcr Massivbauweise ohne WDVS steht inzwischen fest.<\/td>\n<\/tr>\n<tr class=\"row-87\">\n\t<td class=\"column-1\">03.01.2016<\/td><td class=\"column-2\">Besuch im Musterhauspark Werder und somit unsere erste konkrete Handlung bei der Suche einer Baufirma. Hier haben wir uns H\u00e4user in Holzst\u00e4nderbauweise angesehen.<\/td>\n<\/tr>\n<tr class=\"row-88\">\n\t<td class=\"column-1\">01.01.2016<\/td><td class=\"column-2\">Wir sind nun laut Kaufvertrag Besitzer des Grundst\u00fccks.<\/td>\n<\/tr>\n<tr class=\"row-89\">\n\t<td class=\"column-1\">17.12.2015<\/td><td class=\"column-2\">Termin zur Grenzbegehung (Begutachtung der Grenzsteine).<\/td>\n<\/tr>\n<tr class=\"row-90\">\n\t<td class=\"column-1\">27.11.2015<\/td><td class=\"column-2\">Wir stehen jetzt mit einer Auflassungsvormerkung im Grundbuch.<\/td>\n<\/tr>\n<tr class=\"row-91\">\n\t<td class=\"column-1\">17.11.2015<\/td><td class=\"column-2\">Der B-Plan wurde offiziell beschlossen und somit ist unser Grundst\u00fcck jetzt Bauland.<\/td>\n<\/tr>\n<tr class=\"row-92\">\n\t<td class=\"column-1\">30.10.2015<\/td><td class=\"column-2\">Auszahlung des Kredites f\u00fcr das Grundst\u00fcck gerade noch rechtzeitig.<\/td>\n<\/tr>\n<tr class=\"row-93\">\n\t<td class=\"column-1\">26.10.2015<\/td><td class=\"column-2\">Bestellung der Grundschuld f\u00fcr den Grundst\u00fcckskredit beim Notar.<\/td>\n<\/tr>\n<tr class=\"row-94\">\n\t<td class=\"column-1\">02.10.2015<\/td><td class=\"column-2\">Die Kaufvertr\u00e4ge f\u00fcr Grundst\u00fcck und Erschlie\u00dfung werden unterschrieben.<\/td>\n<\/tr>\n<tr class=\"row-95\">\n\t<td class=\"column-1\">25.09.2015<\/td><td class=\"column-2\">Das Bodengutachten wird erstellt, es stellt sich heraus, dass wir eine wei\u00dfe Wanne ben\u00f6tigen.<\/td>\n<\/tr>\n<tr class=\"row-96\">\n\t<td class=\"column-1\">14.08.2015<\/td><td class=\"column-2\">Wir haben uns f\u00fcr unser Grundst\u00fcck registriert.<\/td>\n<\/tr>\n<tr class=\"row-97\">\n\t<td class=\"column-1\">30.03.2015<\/td><td class=\"column-2\">\u00dcber die Gemeinde erhielten wir den Kontakt zur Christburk Grundbesitz GmbH, die in Eiche ein neues B-Plan-Gebiet erschlie\u00dfen wollen.<\/td>\n<\/tr>\n<tr class=\"row-98\">\n\t<td class=\"column-1\">18.01.2015<\/td><td class=\"column-2\">Das erste konkrete Angebot haben wir erhalten, was sich aber als Reinfall herausstellt.<\/td>\n<\/tr>\n<tr class=\"row-99\">\n\t<td class=\"column-1\">28.09.2014<\/td><td class=\"column-2\">Die erste Grundst\u00fccksbesichtigung in Eiche wurde durchgef\u00fchrt.<\/td>\n<\/tr>\n<\/tbody>\n<\/table>\n<!-- #tablepress-1 from cache -->\n","protected":false},"excerpt":{"rendered":"<p>Auf dieser Seite findet Ihr eine kurze Chronik \u00fcber alle wichtigen Ereignisse von der Grundst\u00fccksuche bis zum Einzug.<\/p>\n","protected":false},"author":1,"featured_media":0,"parent":0,"menu_order":0,"comment_status":"open","ping_status":"open","template":"","meta":{"footnotes":""},"class_list":["post-220","page","type-page","status-publish","hentry"],"aioseo_notices":[],"_links":{"self":[{"href":"https:\/\/villa-moselstrasse.de\/index.php\/wp-json\/wp\/v2\/pages\/220","targetHints":{"allow":["GET"]}}],"collection":[{"href":"https:\/\/villa-moselstrasse.de\/index.php\/wp-json\/wp\/v2\/pages"}],"about":[{"href":"https:\/\/villa-moselstrasse.de\/index.php\/wp-json\/wp\/v2\/types\/page"}],"author":[{"embeddable":true,"href":"https:\/\/villa-moselstrasse.de\/index.php\/wp-json\/wp\/v2\/users\/1"}],"replies":[{"embeddable":true,"href":"https:\/\/villa-moselstrasse.de\/index.php\/wp-json\/wp\/v2\/comments?post=220"}],"version-history":[{"count":2,"href":"https:\/\/villa-moselstrasse.de\/index.php\/wp-json\/wp\/v2\/pages\/220\/revisions"}],"predecessor-version":[{"id":225,"href":"https:\/\/villa-moselstrasse.de\/index.php\/wp-json\/wp\/v2\/pages\/220\/revisions\/225"}],"wp:attachment":[{"href":"https:\/\/villa-moselstrasse.de\/index.php\/wp-json\/wp\/v2\/media?parent=220"}],"curies":[{"name":"wp","href":"https:\/\/api.w.org\/{rel}","templated":true}]}}