{"id":231,"date":"2016-09-13T19:23:59","date_gmt":"2016-09-13T17:23:59","guid":{"rendered":"http:\/\/hausbau.daeumlich.de\/?page_id=231"},"modified":"2016-09-26T15:12:52","modified_gmt":"2016-09-26T13:12:52","slug":"unser-haus","status":"publish","type":"page","link":"https:\/\/villa-moselstrasse.de\/index.php\/unser-haus\/","title":{"rendered":"Unser Haus"},"content":{"rendered":"<p>Auf dieser Seite sind die aktuellen Grundrisse und die aktuellen Ansichten unseres Hauses zu finden. Au\u00dferdem sind hier ein paar Eckdaten zum Haus aufgef\u00fchrt.<\/p>\n<h5>Eckdaten<\/h5>\n<ul>\n<li>Bauhausstil<\/li>\n<li>Keller (wei\u00dfe Wanne) und zwei Vollgeschosse<\/li>\n<li>Mauerwerk in 36,5cm Porenbeton ohne WDVS<\/li>\n<li>Raumh\u00f6hen: Keller 2,30m &#8211; EG 2,80m &#8211; OG 2,60m<\/li>\n<li>Heizsystem: Luft-Wasser-W\u00e4rmepumpe<\/li>\n<li>kontrollierte Be- und Entl\u00fcftung<\/li>\n<li>KfW-55 Energieeffizienzhaus<\/li>\n<\/ul>\n<h5>Grundrisse<\/h5>\n<h5><a href=\"https:\/\/villa-moselstrasse.de\/wp-content\/uploads\/2016\/09\/160530_Planung_Graefe_Daeumlich_Vertrag_Seite_1.jpg\"><img loading=\"lazy\" decoding=\"async\" class=\"alignnone wp-image-237 size-large\" src=\"https:\/\/villa-moselstrasse.de\/wp-content\/uploads\/2016\/09\/160530_Planung_Graefe_Daeumlich_Vertrag_Seite_1-1024x648.jpg\" alt=\"160530_planung_graefe_daeumlich_vertrag_seite_1\" width=\"604\" height=\"382\" srcset=\"https:\/\/villa-moselstrasse.de\/wp-content\/uploads\/2016\/09\/160530_Planung_Graefe_Daeumlich_Vertrag_Seite_1-1024x648.jpg 1024w, https:\/\/villa-moselstrasse.de\/wp-content\/uploads\/2016\/09\/160530_Planung_Graefe_Daeumlich_Vertrag_Seite_1-300x190.jpg 300w, https:\/\/villa-moselstrasse.de\/wp-content\/uploads\/2016\/09\/160530_Planung_Graefe_Daeumlich_Vertrag_Seite_1-768x486.jpg 768w\" sizes=\"auto, (max-width: 604px) 100vw, 604px\" \/><\/a> <a href=\"https:\/\/villa-moselstrasse.de\/wp-content\/uploads\/2016\/09\/160530_Planung_Graefe_Daeumlich_Vertrag_Seite_2.jpg\"><img loading=\"lazy\" decoding=\"async\" class=\"alignnone wp-image-238 size-large\" src=\"https:\/\/villa-moselstrasse.de\/wp-content\/uploads\/2016\/09\/160530_Planung_Graefe_Daeumlich_Vertrag_Seite_2-1024x648.jpg\" alt=\"160530_planung_graefe_daeumlich_vertrag_seite_2\" width=\"604\" height=\"382\" srcset=\"https:\/\/villa-moselstrasse.de\/wp-content\/uploads\/2016\/09\/160530_Planung_Graefe_Daeumlich_Vertrag_Seite_2-1024x648.jpg 1024w, https:\/\/villa-moselstrasse.de\/wp-content\/uploads\/2016\/09\/160530_Planung_Graefe_Daeumlich_Vertrag_Seite_2-300x190.jpg 300w, https:\/\/villa-moselstrasse.de\/wp-content\/uploads\/2016\/09\/160530_Planung_Graefe_Daeumlich_Vertrag_Seite_2-768x486.jpg 768w\" sizes=\"auto, (max-width: 604px) 100vw, 604px\" \/><\/a> <a href=\"https:\/\/villa-moselstrasse.de\/wp-content\/uploads\/2016\/09\/160530_Planung_Graefe_Daeumlich_Vertrag_Seite_3.jpg\"><img loading=\"lazy\" decoding=\"async\" class=\"alignnone wp-image-239 size-large\" src=\"https:\/\/villa-moselstrasse.de\/wp-content\/uploads\/2016\/09\/160530_Planung_Graefe_Daeumlich_Vertrag_Seite_3-1024x648.jpg\" alt=\"160530_planung_graefe_daeumlich_vertrag_seite_3\" width=\"604\" height=\"382\" srcset=\"https:\/\/villa-moselstrasse.de\/wp-content\/uploads\/2016\/09\/160530_Planung_Graefe_Daeumlich_Vertrag_Seite_3-1024x648.jpg 1024w, https:\/\/villa-moselstrasse.de\/wp-content\/uploads\/2016\/09\/160530_Planung_Graefe_Daeumlich_Vertrag_Seite_3-300x190.jpg 300w, https:\/\/villa-moselstrasse.de\/wp-content\/uploads\/2016\/09\/160530_Planung_Graefe_Daeumlich_Vertrag_Seite_3-768x486.jpg 768w\" sizes=\"auto, (max-width: 604px) 100vw, 604px\" \/><\/a><a href=\"https:\/\/villa-moselstrasse.de\/wp-content\/uploads\/2016\/09\/160530_Planung_Graefe_Daeumlich_Vertrag_Seite_4.jpg\"><img loading=\"lazy\" decoding=\"async\" class=\"alignnone wp-image-240 size-large\" src=\"https:\/\/villa-moselstrasse.de\/wp-content\/uploads\/2016\/09\/160530_Planung_Graefe_Daeumlich_Vertrag_Seite_4-1024x649.jpg\" alt=\"160530_planung_graefe_daeumlich_vertrag_seite_4\" width=\"604\" height=\"383\" srcset=\"https:\/\/villa-moselstrasse.de\/wp-content\/uploads\/2016\/09\/160530_Planung_Graefe_Daeumlich_Vertrag_Seite_4-1024x649.jpg 1024w, https:\/\/villa-moselstrasse.de\/wp-content\/uploads\/2016\/09\/160530_Planung_Graefe_Daeumlich_Vertrag_Seite_4-300x190.jpg 300w, https:\/\/villa-moselstrasse.de\/wp-content\/uploads\/2016\/09\/160530_Planung_Graefe_Daeumlich_Vertrag_Seite_4-768x486.jpg 768w\" sizes=\"auto, (max-width: 604px) 100vw, 604px\" \/><\/a>Ansichten<\/h5>\n<p><a href=\"https:\/\/villa-moselstrasse.de\/wp-content\/uploads\/2016\/09\/160512_Planung_Graefe_Daeumlich_4_3D-1.jpg\"><img loading=\"lazy\" decoding=\"async\" class=\"alignnone wp-image-241 size-large\" src=\"https:\/\/villa-moselstrasse.de\/wp-content\/uploads\/2016\/09\/160512_Planung_Graefe_Daeumlich_4_3D-1-1024x661.jpg\" alt=\"160512_planung_graefe_daeumlich_4_3d-1\" width=\"604\" height=\"390\" srcset=\"https:\/\/villa-moselstrasse.de\/wp-content\/uploads\/2016\/09\/160512_Planung_Graefe_Daeumlich_4_3D-1-1024x661.jpg 1024w, https:\/\/villa-moselstrasse.de\/wp-content\/uploads\/2016\/09\/160512_Planung_Graefe_Daeumlich_4_3D-1-300x194.jpg 300w, https:\/\/villa-moselstrasse.de\/wp-content\/uploads\/2016\/09\/160512_Planung_Graefe_Daeumlich_4_3D-1-768x496.jpg 768w, https:\/\/villa-moselstrasse.de\/wp-content\/uploads\/2016\/09\/160512_Planung_Graefe_Daeumlich_4_3D-1.jpg 1611w\" sizes=\"auto, (max-width: 604px) 100vw, 604px\" \/><\/a> <a href=\"https:\/\/villa-moselstrasse.de\/wp-content\/uploads\/2016\/09\/160512_Planung_Graefe_Daeumlich_4_3D-2.jpg\"><img loading=\"lazy\" decoding=\"async\" class=\"alignnone wp-image-242 size-large\" src=\"https:\/\/villa-moselstrasse.de\/wp-content\/uploads\/2016\/09\/160512_Planung_Graefe_Daeumlich_4_3D-2-1024x661.jpg\" alt=\"160512_planung_graefe_daeumlich_4_3d-2\" width=\"604\" height=\"390\" srcset=\"https:\/\/villa-moselstrasse.de\/wp-content\/uploads\/2016\/09\/160512_Planung_Graefe_Daeumlich_4_3D-2-1024x661.jpg 1024w, https:\/\/villa-moselstrasse.de\/wp-content\/uploads\/2016\/09\/160512_Planung_Graefe_Daeumlich_4_3D-2-300x194.jpg 300w, https:\/\/villa-moselstrasse.de\/wp-content\/uploads\/2016\/09\/160512_Planung_Graefe_Daeumlich_4_3D-2-768x496.jpg 768w, https:\/\/villa-moselstrasse.de\/wp-content\/uploads\/2016\/09\/160512_Planung_Graefe_Daeumlich_4_3D-2.jpg 1611w\" sizes=\"auto, (max-width: 604px) 100vw, 604px\" \/><\/a> <a href=\"https:\/\/villa-moselstrasse.de\/wp-content\/uploads\/2016\/09\/160512_Planung_Graefe_Daeumlich_4_3D-3.jpg\"><img loading=\"lazy\" decoding=\"async\" class=\"alignnone wp-image-243 size-large\" src=\"https:\/\/villa-moselstrasse.de\/wp-content\/uploads\/2016\/09\/160512_Planung_Graefe_Daeumlich_4_3D-3-1024x661.jpg\" alt=\"160512_planung_graefe_daeumlich_4_3d-3\" width=\"604\" height=\"390\" srcset=\"https:\/\/villa-moselstrasse.de\/wp-content\/uploads\/2016\/09\/160512_Planung_Graefe_Daeumlich_4_3D-3-1024x661.jpg 1024w, https:\/\/villa-moselstrasse.de\/wp-content\/uploads\/2016\/09\/160512_Planung_Graefe_Daeumlich_4_3D-3-300x194.jpg 300w, https:\/\/villa-moselstrasse.de\/wp-content\/uploads\/2016\/09\/160512_Planung_Graefe_Daeumlich_4_3D-3-768x496.jpg 768w, https:\/\/villa-moselstrasse.de\/wp-content\/uploads\/2016\/09\/160512_Planung_Graefe_Daeumlich_4_3D-3.jpg 1611w\" sizes=\"auto, (max-width: 604px) 100vw, 604px\" \/><\/a> <a href=\"https:\/\/villa-moselstrasse.de\/wp-content\/uploads\/2016\/09\/160512_Planung_Graefe_Daeumlich_4_3D-4.jpg\"><img loading=\"lazy\" decoding=\"async\" class=\"alignnone wp-image-244 size-large\" src=\"https:\/\/villa-moselstrasse.de\/wp-content\/uploads\/2016\/09\/160512_Planung_Graefe_Daeumlich_4_3D-4-1024x661.jpg\" alt=\"160512_planung_graefe_daeumlich_4_3d-4\" width=\"604\" height=\"390\" srcset=\"https:\/\/villa-moselstrasse.de\/wp-content\/uploads\/2016\/09\/160512_Planung_Graefe_Daeumlich_4_3D-4-1024x661.jpg 1024w, https:\/\/villa-moselstrasse.de\/wp-content\/uploads\/2016\/09\/160512_Planung_Graefe_Daeumlich_4_3D-4-300x194.jpg 300w, https:\/\/villa-moselstrasse.de\/wp-content\/uploads\/2016\/09\/160512_Planung_Graefe_Daeumlich_4_3D-4-768x496.jpg 768w, https:\/\/villa-moselstrasse.de\/wp-content\/uploads\/2016\/09\/160512_Planung_Graefe_Daeumlich_4_3D-4.jpg 1611w\" sizes=\"auto, (max-width: 604px) 100vw, 604px\" \/><\/a> <a href=\"https:\/\/villa-moselstrasse.de\/wp-content\/uploads\/2016\/09\/160512_Planung_Graefe_Daeumlich_4_3D-5.jpg\"><img loading=\"lazy\" decoding=\"async\" class=\"alignnone wp-image-245 size-large\" src=\"https:\/\/villa-moselstrasse.de\/wp-content\/uploads\/2016\/09\/160512_Planung_Graefe_Daeumlich_4_3D-5-1024x661.jpg\" alt=\"160512_planung_graefe_daeumlich_4_3d-5\" width=\"604\" height=\"390\" srcset=\"https:\/\/villa-moselstrasse.de\/wp-content\/uploads\/2016\/09\/160512_Planung_Graefe_Daeumlich_4_3D-5-1024x661.jpg 1024w, https:\/\/villa-moselstrasse.de\/wp-content\/uploads\/2016\/09\/160512_Planung_Graefe_Daeumlich_4_3D-5-300x194.jpg 300w, https:\/\/villa-moselstrasse.de\/wp-content\/uploads\/2016\/09\/160512_Planung_Graefe_Daeumlich_4_3D-5-768x496.jpg 768w, https:\/\/villa-moselstrasse.de\/wp-content\/uploads\/2016\/09\/160512_Planung_Graefe_Daeumlich_4_3D-5.jpg 1611w\" sizes=\"auto, (max-width: 604px) 100vw, 604px\" \/><\/a> <a href=\"https:\/\/villa-moselstrasse.de\/wp-content\/uploads\/2016\/09\/160512_Planung_Graefe_Daeumlich_4_3D-6.jpg\"><img loading=\"lazy\" decoding=\"async\" class=\"alignnone wp-image-246 size-large\" src=\"https:\/\/villa-moselstrasse.de\/wp-content\/uploads\/2016\/09\/160512_Planung_Graefe_Daeumlich_4_3D-6-1024x661.jpg\" alt=\"160512_planung_graefe_daeumlich_4_3d-6\" width=\"604\" height=\"390\" srcset=\"https:\/\/villa-moselstrasse.de\/wp-content\/uploads\/2016\/09\/160512_Planung_Graefe_Daeumlich_4_3D-6-1024x661.jpg 1024w, https:\/\/villa-moselstrasse.de\/wp-content\/uploads\/2016\/09\/160512_Planung_Graefe_Daeumlich_4_3D-6-300x194.jpg 300w, https:\/\/villa-moselstrasse.de\/wp-content\/uploads\/2016\/09\/160512_Planung_Graefe_Daeumlich_4_3D-6-768x496.jpg 768w, https:\/\/villa-moselstrasse.de\/wp-content\/uploads\/2016\/09\/160512_Planung_Graefe_Daeumlich_4_3D-6.jpg 1611w\" sizes=\"auto, (max-width: 604px) 100vw, 604px\" \/><\/a><\/p>\n","protected":false},"excerpt":{"rendered":"<p>Auf dieser Seite sind die aktuellen Grundrisse und die aktuellen Ansichten unseres Hauses zu finden. Au\u00dferdem sind hier ein paar Eckdaten zum Haus aufgef\u00fchrt. Eckdaten Bauhausstil Keller (wei\u00dfe Wanne) und zwei Vollgeschosse Mauerwerk in 36,5cm Porenbeton ohne WDVS Raumh\u00f6hen: Keller 2,30m &#8211; EG 2,80m &#8211; OG 2,60m Heizsystem: Luft-Wasser-W\u00e4rmepumpe kontrollierte Be- und Entl\u00fcftung KfW-55 Energieeffizienzhaus &hellip; <a href=\"https:\/\/villa-moselstrasse.de\/index.php\/unser-haus\/\" class=\"more-link\"><span class=\"screen-reader-text\">Unser Haus<\/span> weiterlesen <span class=\"meta-nav\">&rarr;<\/span><\/a><\/p>\n","protected":false},"author":1,"featured_media":0,"parent":0,"menu_order":0,"comment_status":"closed","ping_status":"closed","template":"","meta":{"footnotes":""},"class_list":["post-231","page","type-page","status-publish","hentry"],"aioseo_notices":[],"_links":{"self":[{"href":"https:\/\/villa-moselstrasse.de\/index.php\/wp-json\/wp\/v2\/pages\/231","targetHints":{"allow":["GET"]}}],"collection":[{"href":"https:\/\/villa-moselstrasse.de\/index.php\/wp-json\/wp\/v2\/pages"}],"about":[{"href":"https:\/\/villa-moselstrasse.de\/index.php\/wp-json\/wp\/v2\/types\/page"}],"author":[{"embeddable":true,"href":"https:\/\/villa-moselstrasse.de\/index.php\/wp-json\/wp\/v2\/users\/1"}],"replies":[{"embeddable":true,"href":"https:\/\/villa-moselstrasse.de\/index.php\/wp-json\/wp\/v2\/comments?post=231"}],"version-history":[{"count":8,"href":"https:\/\/villa-moselstrasse.de\/index.php\/wp-json\/wp\/v2\/pages\/231\/revisions"}],"predecessor-version":[{"id":266,"href":"https:\/\/villa-moselstrasse.de\/index.php\/wp-json\/wp\/v2\/pages\/231\/revisions\/266"}],"wp:attachment":[{"href":"https:\/\/villa-moselstrasse.de\/index.php\/wp-json\/wp\/v2\/media?parent=231"}],"curies":[{"name":"wp","href":"https:\/\/api.w.org\/{rel}","templated":true}]}}